{"id":2024,"date":"2018-10-17T16:38:05","date_gmt":"2018-10-17T16:38:05","guid":{"rendered":"http:\/\/ichhabeinhausamsee.de\/?page_id=2024"},"modified":"2025-03-15T15:18:20","modified_gmt":"2025-03-15T15:18:20","slug":"wohnung-2","status":"publish","type":"page","link":"https:\/\/ichhabeinhausamsee.de\/?page_id=2024","title":{"rendered":"Wohnung 2"},"content":{"rendered":"<h3><\/h3>\n<h1>Wohnung 2<\/h1>\n<h3>Zwei separate Schlafzimmer mit Kleiderschrank und anderen Ablagem\u00f6glichkeiten. Bad mit Dusche, WC und Waschtisch. K\u00fcche mit Ceran-Kochfeld, obenstehendem Herd, Geschirrsp\u00fcler und allem, was Sie in einer Ferienhaus-K\u00fcche ben\u00f6tigen. 49 Zoll Flachbild-TV mit Soundbar. Und Sie haben einen herrlichen Blick vorbei an einem reetgedeckten Haus direkt auf den Schweriner See. Ein Wohn- und E\u00dfzimmer.<\/h3>\n<h3>Alles auf ca. 75 qm. Wohnfl\u00e4che. In dem gro\u00dfz\u00fcgigen Garten mit Obstwiese und Zugang zum See stehen f\u00fcr Sie Gartenm\u00f6bel bereit, die Sie nutzen k\u00f6nnen.<\/h3>\n<h3>B\u00fccher und Spiele stehen selbstverst\u00e4ndlich zur Verf\u00fcgung.<\/h3>\n<h3><strong>Kombinieren Sie die Wohnungen mit- und untereinander.<\/strong><\/h3>\n<h3><strong>Sie entscheiden, ob Sie Bettw\u00e4sche und\u00a0 Handt\u00fccher mitbringen wollen oder ob sie diese dazubuchen wollen.<\/strong><\/h3>\n<h2>Und schlie\u00dflich: Keine Angst, da\u00df es in Ihrer Ferienwohnung\u00a0 im Sommer zu warm werden k\u00f6nnte. Die Wohungen 2 und 3 des Ferienhauses haben jeweils eine separate Klimaanlage, die Sie selbst nach Ihren Bed\u00fcrfnissen einstellen k\u00f6nnen.<\/h2>\n<div class=\"rl-gallery-container rl-loading\" id=\"rl-gallery-container-1\" data-gallery_id=\"2099\"> <div class=\"rl-gallery rl-basicmasonry-gallery rl-hover-effect-2\" id=\"rl-gallery-1\" data-gallery_no=\"1\"> <div class=\"rl-gutter-sizer\"><\/div><div class=\"rl-grid-sizer\"><\/div> <div class=\"rl-gallery-item rl-gallery-item-width-4\" > <div class=\"rl-gallery-item-content\"> <a href=\"https:\/\/ichhabeinhausamsee.de\/wp-content\/uploads\/2018\/11\/IMG_8013.jpg\" title=\"\" data-rl_title=\"\" class=\"rl-gallery-link\" data-rl_caption=\"\" data-rel=\"lightbox-gallery-1\"><img loading=\"lazy\" decoding=\"async\" src=\"https:\/\/ichhabeinhausamsee.de\/wp-content\/uploads\/2018\/11\/IMG_8013-300x225.jpg\" width=\"300\" height=\"225\" alt=\"\" \/><\/a> <\/div> <\/div> <div class=\"rl-gallery-item\" > <div class=\"rl-gallery-item-content\"> <a href=\"https:\/\/ichhabeinhausamsee.de\/wp-content\/uploads\/2018\/11\/IMG_7122.jpg\" title=\"\" data-rl_title=\"\" class=\"rl-gallery-link\" data-rl_caption=\"\" data-rel=\"lightbox-gallery-1\"><img loading=\"lazy\" decoding=\"async\" src=\"https:\/\/ichhabeinhausamsee.de\/wp-content\/uploads\/2018\/11\/IMG_7122-300x225.jpg\" width=\"300\" height=\"225\" alt=\"\" \/><\/a> <\/div> <\/div> <div class=\"rl-gallery-item\" > <div class=\"rl-gallery-item-content\"> <a href=\"https:\/\/ichhabeinhausamsee.de\/wp-content\/uploads\/2020\/09\/2a635a8f-76ef-4df1-9db9-5761041b0b38.jpg\" title=\"\" data-rl_title=\"\" class=\"rl-gallery-link\" data-rl_caption=\"\" data-rel=\"lightbox-gallery-1\"><img loading=\"lazy\" decoding=\"async\" src=\"https:\/\/ichhabeinhausamsee.de\/wp-content\/uploads\/2020\/09\/2a635a8f-76ef-4df1-9db9-5761041b0b38-300x225.jpg\" width=\"300\" height=\"225\" alt=\"\" \/><\/a> <\/div> <\/div> <div class=\"rl-gallery-item\" > <div class=\"rl-gallery-item-content\"> <a href=\"https:\/\/ichhabeinhausamsee.de\/wp-content\/uploads\/2020\/09\/e5f59c66-6fa6-46f0-b282-279aabc34679.jpg\" title=\"\" data-rl_title=\"\" class=\"rl-gallery-link\" data-rl_caption=\"\" data-rel=\"lightbox-gallery-1\"><img loading=\"lazy\" decoding=\"async\" src=\"https:\/\/ichhabeinhausamsee.de\/wp-content\/uploads\/2020\/09\/e5f59c66-6fa6-46f0-b282-279aabc34679-300x225.jpg\" width=\"300\" height=\"225\" alt=\"\" \/><\/a> <\/div> <\/div> <div class=\"rl-gallery-item\" > <div class=\"rl-gallery-item-content\"> <a href=\"https:\/\/ichhabeinhausamsee.de\/wp-content\/uploads\/2018\/11\/IMG_7170-Kopie.jpg\" title=\"\" data-rl_title=\"\" class=\"rl-gallery-link\" data-rl_caption=\"\" data-rel=\"lightbox-gallery-1\"><img loading=\"lazy\" decoding=\"async\" src=\"https:\/\/ichhabeinhausamsee.de\/wp-content\/uploads\/2018\/11\/IMG_7170-Kopie-300x225.jpg\" width=\"300\" height=\"225\" alt=\"\" \/><\/a> <\/div> <\/div> <div class=\"rl-gallery-item\" > <div class=\"rl-gallery-item-content\"> <a href=\"https:\/\/ichhabeinhausamsee.de\/wp-content\/uploads\/2018\/11\/IMG_8279.jpg\" title=\"\" data-rl_title=\"\" class=\"rl-gallery-link\" data-rl_caption=\"\" data-rel=\"lightbox-gallery-1\"><img loading=\"lazy\" decoding=\"async\" src=\"https:\/\/ichhabeinhausamsee.de\/wp-content\/uploads\/2018\/11\/IMG_8279-300x225.jpg\" width=\"300\" height=\"225\" alt=\"\" \/><\/a> <\/div> <\/div> <div class=\"rl-gallery-item\" > <div class=\"rl-gallery-item-content\"> <a href=\"https:\/\/ichhabeinhausamsee.de\/wp-content\/uploads\/2018\/11\/IMG_7164.jpg\" title=\"\" data-rl_title=\"\" class=\"rl-gallery-link\" data-rl_caption=\"\" data-rel=\"lightbox-gallery-1\"><img loading=\"lazy\" decoding=\"async\" src=\"https:\/\/ichhabeinhausamsee.de\/wp-content\/uploads\/2018\/11\/IMG_7164-300x225.jpg\" width=\"300\" height=\"225\" alt=\"\" \/><\/a> <\/div> <\/div> <div class=\"rl-gallery-item\" > <div class=\"rl-gallery-item-content\"> <a href=\"https:\/\/ichhabeinhausamsee.de\/wp-content\/uploads\/2024\/10\/WhatsApp-Image-2024-10-26-at-17.41.30.jpeg\" title=\"\" data-rl_title=\"\" class=\"rl-gallery-link\" data-rl_caption=\"\" data-rel=\"lightbox-gallery-1\"><img loading=\"lazy\" decoding=\"async\" src=\"https:\/\/ichhabeinhausamsee.de\/wp-content\/uploads\/2024\/10\/WhatsApp-Image-2024-10-26-at-17.41.30-300x225.jpeg\" width=\"300\" height=\"225\" alt=\"\" \/><\/a> <\/div> <\/div> <div class=\"rl-gallery-item\" > <div class=\"rl-gallery-item-content\"> <a href=\"https:\/\/ichhabeinhausamsee.de\/wp-content\/uploads\/2018\/11\/IMG_0124.jpg\" title=\"\" data-rl_title=\"\" class=\"rl-gallery-link\" data-rl_caption=\"\" data-rel=\"lightbox-gallery-1\"><img loading=\"lazy\" decoding=\"async\" src=\"https:\/\/ichhabeinhausamsee.de\/wp-content\/uploads\/2018\/11\/IMG_0124-300x225.jpg\" width=\"300\" height=\"225\" alt=\"\" \/><\/a> <\/div> <\/div> <div class=\"rl-gallery-item\" > <div class=\"rl-gallery-item-content\"> <a href=\"https:\/\/ichhabeinhausamsee.de\/wp-content\/uploads\/2024\/10\/WhatsApp-Image-2024-10-26-at-17.41.30-1.jpeg\" title=\"\" data-rl_title=\"\" class=\"rl-gallery-link\" data-rl_caption=\"\" data-rel=\"lightbox-gallery-1\"><img loading=\"lazy\" decoding=\"async\" src=\"https:\/\/ichhabeinhausamsee.de\/wp-content\/uploads\/2024\/10\/WhatsApp-Image-2024-10-26-at-17.41.30-1-300x225.jpeg\" width=\"300\" height=\"225\" alt=\"\" \/><\/a> <\/div> <\/div> <div class=\"rl-gallery-item\" > <div class=\"rl-gallery-item-content\"> <a href=\"https:\/\/ichhabeinhausamsee.de\/wp-content\/uploads\/2018\/11\/IMG_2426-1.jpg\" title=\"\" data-rl_title=\"\" class=\"rl-gallery-link\" data-rl_caption=\"\" data-rel=\"lightbox-gallery-1\"><img loading=\"lazy\" decoding=\"async\" src=\"https:\/\/ichhabeinhausamsee.de\/wp-content\/uploads\/2018\/11\/IMG_2426-1-300x169.jpg\" width=\"300\" height=\"169\" alt=\"\" \/><\/a> <\/div> <\/div> <div class=\"rl-gallery-item\" > <div class=\"rl-gallery-item-content\"> <a href=\"https:\/\/ichhabeinhausamsee.de\/wp-content\/uploads\/2018\/11\/IMG_7123.jpg\" title=\"\" data-rl_title=\"\" class=\"rl-gallery-link\" data-rl_caption=\"\" data-rel=\"lightbox-gallery-1\"><img loading=\"lazy\" decoding=\"async\" src=\"https:\/\/ichhabeinhausamsee.de\/wp-content\/uploads\/2018\/11\/IMG_7123-300x225.jpg\" width=\"300\" height=\"225\" alt=\"\" \/><\/a> <\/div> <\/div> <div class=\"rl-gallery-item\" > <div class=\"rl-gallery-item-content\"> <a href=\"https:\/\/ichhabeinhausamsee.de\/wp-content\/uploads\/2018\/09\/14fedf4d-36ac-4983-8947-7db46a8abe20.jpg\" title=\"\" data-rl_title=\"\" class=\"rl-gallery-link\" data-rl_caption=\"\" data-rel=\"lightbox-gallery-1\"><img loading=\"lazy\" decoding=\"async\" src=\"https:\/\/ichhabeinhausamsee.de\/wp-content\/uploads\/2018\/09\/14fedf4d-36ac-4983-8947-7db46a8abe20-300x225.jpg\" width=\"300\" height=\"225\" alt=\"\" \/><\/a> <\/div> <\/div> <div class=\"rl-gallery-item\" > <div class=\"rl-gallery-item-content\"> <a href=\"https:\/\/ichhabeinhausamsee.de\/wp-content\/uploads\/2018\/11\/IMG_0217.jpg\" title=\"\" data-rl_title=\"\" class=\"rl-gallery-link\" data-rl_caption=\"\" data-rel=\"lightbox-gallery-1\"><img loading=\"lazy\" decoding=\"async\" src=\"https:\/\/ichhabeinhausamsee.de\/wp-content\/uploads\/2018\/11\/IMG_0217-300x225.jpg\" width=\"300\" height=\"225\" alt=\"\" \/><\/a> <\/div> <\/div> <div class=\"rl-gallery-item\" > <div class=\"rl-gallery-item-content\"> <a href=\"https:\/\/ichhabeinhausamsee.de\/wp-content\/uploads\/2018\/11\/IMG_0346.jpg\" title=\"\" data-rl_title=\"\" class=\"rl-gallery-link\" data-rl_caption=\"\" data-rel=\"lightbox-gallery-1\"><img loading=\"lazy\" decoding=\"async\" src=\"https:\/\/ichhabeinhausamsee.de\/wp-content\/uploads\/2018\/11\/IMG_0346-300x225.jpg\" width=\"300\" height=\"225\" alt=\"\" \/><\/a> <\/div> <\/div> <div class=\"rl-gallery-item\" > <div class=\"rl-gallery-item-content\"> <a href=\"https:\/\/ichhabeinhausamsee.de\/wp-content\/uploads\/2020\/09\/27f05aab-393f-47d0-bd43-cf801e8eab27.jpg\" title=\"\" data-rl_title=\"\" class=\"rl-gallery-link\" data-rl_caption=\"\" data-rel=\"lightbox-gallery-1\"><img loading=\"lazy\" decoding=\"async\" src=\"https:\/\/ichhabeinhausamsee.de\/wp-content\/uploads\/2020\/09\/27f05aab-393f-47d0-bd43-cf801e8eab27-300x225.jpg\" width=\"300\" height=\"225\" alt=\"\" \/><\/a> <\/div> <\/div> <div class=\"rl-gallery-item\" > <div class=\"rl-gallery-item-content\"> <a href=\"https:\/\/ichhabeinhausamsee.de\/wp-content\/uploads\/2018\/11\/IMG_7174.jpg\" title=\"\" data-rl_title=\"\" class=\"rl-gallery-link\" data-rl_caption=\"\" data-rel=\"lightbox-gallery-1\"><img loading=\"lazy\" decoding=\"async\" src=\"https:\/\/ichhabeinhausamsee.de\/wp-content\/uploads\/2018\/11\/IMG_7174-300x225.jpg\" width=\"300\" height=\"225\" alt=\"\" \/><\/a> <\/div> <\/div> <div class=\"rl-gallery-item\" > <div class=\"rl-gallery-item-content\"> <a href=\"https:\/\/ichhabeinhausamsee.de\/wp-content\/uploads\/2018\/11\/IMG_8330.jpg\" title=\"\" data-rl_title=\"\" class=\"rl-gallery-link\" data-rl_caption=\"\" data-rel=\"lightbox-gallery-1\"><img loading=\"lazy\" decoding=\"async\" src=\"https:\/\/ichhabeinhausamsee.de\/wp-content\/uploads\/2018\/11\/IMG_8330-300x225.jpg\" width=\"300\" height=\"225\" alt=\"\" \/><\/a> <\/div> <\/div> <div class=\"rl-gallery-item\" > <div class=\"rl-gallery-item-content\"> <a href=\"https:\/\/ichhabeinhausamsee.de\/wp-content\/uploads\/2024\/10\/dcc7e791-c2ab-41b6-aecc-bd04e9d9017c.jpg\" title=\"\" data-rl_title=\"\" class=\"rl-gallery-link\" data-rl_caption=\"\" data-rel=\"lightbox-gallery-1\"><img loading=\"lazy\" decoding=\"async\" src=\"https:\/\/ichhabeinhausamsee.de\/wp-content\/uploads\/2024\/10\/dcc7e791-c2ab-41b6-aecc-bd04e9d9017c-300x204.jpg\" width=\"300\" height=\"204\" alt=\"\" \/><\/a> <\/div> <\/div> <div class=\"rl-gallery-item\" > <div class=\"rl-gallery-item-content\"> <a href=\"https:\/\/ichhabeinhausamsee.de\/wp-content\/uploads\/2018\/11\/IMG_0204.jpg\" title=\"\" data-rl_title=\"\" class=\"rl-gallery-link\" data-rl_caption=\"\" data-rel=\"lightbox-gallery-1\"><img loading=\"lazy\" decoding=\"async\" src=\"https:\/\/ichhabeinhausamsee.de\/wp-content\/uploads\/2018\/11\/IMG_0204-300x225.jpg\" width=\"300\" height=\"225\" alt=\"\" \/><\/a> <\/div> <\/div> <div class=\"rl-gallery-item\" > <div class=\"rl-gallery-item-content\"> <a href=\"https:\/\/ichhabeinhausamsee.de\/wp-content\/uploads\/2018\/11\/IMG_8288.jpg\" title=\"\" data-rl_title=\"\" class=\"rl-gallery-link\" data-rl_caption=\"\" data-rel=\"lightbox-gallery-1\"><img loading=\"lazy\" decoding=\"async\" src=\"https:\/\/ichhabeinhausamsee.de\/wp-content\/uploads\/2018\/11\/IMG_8288-300x225.jpg\" width=\"300\" height=\"225\" alt=\"\" \/><\/a> <\/div> <\/div> <div class=\"rl-gallery-item\" > <div class=\"rl-gallery-item-content\"> <a href=\"https:\/\/ichhabeinhausamsee.de\/wp-content\/uploads\/2018\/11\/IMG_0396-1.jpg\" title=\"\" data-rl_title=\"\" class=\"rl-gallery-link\" data-rl_caption=\"\" data-rel=\"lightbox-gallery-1\"><img loading=\"lazy\" decoding=\"async\" src=\"https:\/\/ichhabeinhausamsee.de\/wp-content\/uploads\/2018\/11\/IMG_0396-1-300x225.jpg\" width=\"300\" height=\"225\" alt=\"\" \/><\/a> <\/div> <\/div> <div class=\"rl-gallery-item\" > <div class=\"rl-gallery-item-content\"> <a href=\"https:\/\/ichhabeinhausamsee.de\/wp-content\/uploads\/2020\/05\/Foto-10.05.20-14-34-10.jpg\" title=\"\" data-rl_title=\"\" class=\"rl-gallery-link\" data-rl_caption=\"\" data-rel=\"lightbox-gallery-1\"><img loading=\"lazy\" decoding=\"async\" src=\"https:\/\/ichhabeinhausamsee.de\/wp-content\/uploads\/2020\/05\/Foto-10.05.20-14-34-10-225x300.jpg\" width=\"225\" height=\"300\" alt=\"\" \/><\/a> <\/div> <\/div> <div class=\"rl-gallery-item\" > <div class=\"rl-gallery-item-content\"> <a href=\"https:\/\/ichhabeinhausamsee.de\/wp-content\/uploads\/2018\/11\/IMG_2440-1.jpg\" title=\"\" data-rl_title=\"\" class=\"rl-gallery-link\" data-rl_caption=\"\" data-rel=\"lightbox-gallery-1\"><img loading=\"lazy\" decoding=\"async\" src=\"https:\/\/ichhabeinhausamsee.de\/wp-content\/uploads\/2018\/11\/IMG_2440-1-300x169.jpg\" width=\"300\" height=\"169\" alt=\"\" \/><\/a> <\/div> <\/div> <div class=\"rl-gallery-item\" > <div class=\"rl-gallery-item-content\"> <a href=\"https:\/\/ichhabeinhausamsee.de\/wp-content\/uploads\/2018\/11\/0f896ade-dabf-4423-8134-ad323a115a77.jpg\" title=\"\" data-rl_title=\"\" class=\"rl-gallery-link\" data-rl_caption=\"\" data-rel=\"lightbox-gallery-1\"><img loading=\"lazy\" decoding=\"async\" src=\"https:\/\/ichhabeinhausamsee.de\/wp-content\/uploads\/2018\/11\/0f896ade-dabf-4423-8134-ad323a115a77-300x225.jpg\" width=\"300\" height=\"225\" alt=\"\" \/><\/a> <\/div> <\/div> <div class=\"rl-gallery-item\" > <div class=\"rl-gallery-item-content\"> <a href=\"https:\/\/ichhabeinhausamsee.de\/wp-content\/uploads\/2018\/11\/IMG_2437-1.jpg\" title=\"\" data-rl_title=\"\" class=\"rl-gallery-link\" data-rl_caption=\"\" data-rel=\"lightbox-gallery-1\"><img loading=\"lazy\" decoding=\"async\" src=\"https:\/\/ichhabeinhausamsee.de\/wp-content\/uploads\/2018\/11\/IMG_2437-1-300x169.jpg\" width=\"300\" height=\"169\" alt=\"\" \/><\/a> <\/div> <\/div> <div class=\"rl-gallery-item\" > <div class=\"rl-gallery-item-content\"> <a href=\"https:\/\/ichhabeinhausamsee.de\/wp-content\/uploads\/2018\/11\/f108eaa6-303d-4f79-8c3a-bd44231a0ffc.jpg\" title=\"\" data-rl_title=\"\" class=\"rl-gallery-link\" data-rl_caption=\"\" data-rel=\"lightbox-gallery-1\"><img loading=\"lazy\" decoding=\"async\" src=\"https:\/\/ichhabeinhausamsee.de\/wp-content\/uploads\/2018\/11\/f108eaa6-303d-4f79-8c3a-bd44231a0ffc-300x169.jpg\" width=\"300\" height=\"169\" alt=\"\" \/><\/a> <\/div> <\/div> <div class=\"rl-gallery-item\" > <div class=\"rl-gallery-item-content\"> <a href=\"https:\/\/ichhabeinhausamsee.de\/wp-content\/uploads\/2024\/10\/b2d2b1a9-6b0d-4e51-ab24-409ecd1a8d25-1.jpg\" title=\"\" data-rl_title=\"\" class=\"rl-gallery-link\" data-rl_caption=\"\" data-rel=\"lightbox-gallery-1\"><img loading=\"lazy\" decoding=\"async\" src=\"https:\/\/ichhabeinhausamsee.de\/wp-content\/uploads\/2024\/10\/b2d2b1a9-6b0d-4e51-ab24-409ecd1a8d25-1-300x225.jpg\" width=\"300\" height=\"225\" alt=\"\" \/><\/a> <\/div> <\/div> <div class=\"rl-gallery-item\" > <div class=\"rl-gallery-item-content\"> <a href=\"https:\/\/ichhabeinhausamsee.de\/wp-content\/uploads\/2024\/10\/84156692-a111-4423-a710-fdbafb96eb33.jpg\" title=\"\" data-rl_title=\"\" class=\"rl-gallery-link\" data-rl_caption=\"\" data-rel=\"lightbox-gallery-1\"><img loading=\"lazy\" decoding=\"async\" src=\"https:\/\/ichhabeinhausamsee.de\/wp-content\/uploads\/2024\/10\/84156692-a111-4423-a710-fdbafb96eb33-300x225.jpg\" width=\"300\" height=\"225\" alt=\"\" \/><\/a> <\/div> <\/div> <div class=\"rl-gallery-item\" > <div class=\"rl-gallery-item-content\"> <a href=\"https:\/\/ichhabeinhausamsee.de\/wp-content\/uploads\/2024\/10\/f13c2c23-b891-4634-a34d-f97687ae484c.jpg\" title=\"\" data-rl_title=\"\" class=\"rl-gallery-link\" data-rl_caption=\"\" data-rel=\"lightbox-gallery-1\"><img loading=\"lazy\" decoding=\"async\" src=\"https:\/\/ichhabeinhausamsee.de\/wp-content\/uploads\/2024\/10\/f13c2c23-b891-4634-a34d-f97687ae484c-300x225.jpg\" width=\"300\" height=\"225\" alt=\"\" \/><\/a> <\/div> <\/div> <div class=\"rl-gallery-item\" > <div class=\"rl-gallery-item-content\"> <a href=\"https:\/\/ichhabeinhausamsee.de\/wp-content\/uploads\/2024\/10\/fd34267e-9cee-4685-a987-74afba258f7c-1.jpg\" title=\"\" data-rl_title=\"\" class=\"rl-gallery-link\" data-rl_caption=\"\" data-rel=\"lightbox-gallery-1\"><img loading=\"lazy\" decoding=\"async\" src=\"https:\/\/ichhabeinhausamsee.de\/wp-content\/uploads\/2024\/10\/fd34267e-9cee-4685-a987-74afba258f7c-1-300x225.jpg\" width=\"300\" height=\"225\" alt=\"\" \/><\/a> <\/div> <\/div> <\/div> <\/div>\n","protected":false},"excerpt":{"rendered":"<p>Wohnung 2 Zwei separate Schlafzimmer mit Kleiderschrank und anderen Ablagem\u00f6glichkeiten. Bad mit Dusche, WC und Waschtisch. K\u00fcche mit Ceran-Kochfeld, obenstehendem Herd, Geschirrsp\u00fcler und allem, was Sie in einer Ferienhaus-K\u00fcche ben\u00f6tigen. 49 Zoll Flachbild-TV mit Soundbar. Und Sie haben einen herrlichen Blick vorbei an einem reetgedeckten Haus direkt auf den Schweriner See. Ein Wohn- und E\u00dfzimmer.&hellip; <br \/> <a class=\"read-more\" href=\"https:\/\/ichhabeinhausamsee.de\/?page_id=2024\">Weiterlesen<\/a><\/p>\n","protected":false},"author":1,"featured_media":0,"parent":25,"menu_order":0,"comment_status":"closed","ping_status":"closed","template":"","meta":{"footnotes":""},"class_list":["post-2024","page","type-page","status-publish","hentry"],"_links":{"self":[{"href":"https:\/\/ichhabeinhausamsee.de\/index.php?rest_route=\/wp\/v2\/pages\/2024","targetHints":{"allow":["GET"]}}],"collection":[{"href":"https:\/\/ichhabeinhausamsee.de\/index.php?rest_route=\/wp\/v2\/pages"}],"about":[{"href":"https:\/\/ichhabeinhausamsee.de\/index.php?rest_route=\/wp\/v2\/types\/page"}],"author":[{"embeddable":true,"href":"https:\/\/ichhabeinhausamsee.de\/index.php?rest_route=\/wp\/v2\/users\/1"}],"replies":[{"embeddable":true,"href":"https:\/\/ichhabeinhausamsee.de\/index.php?rest_route=%2Fwp%2Fv2%2Fcomments&post=2024"}],"version-history":[{"count":21,"href":"https:\/\/ichhabeinhausamsee.de\/index.php?rest_route=\/wp\/v2\/pages\/2024\/revisions"}],"predecessor-version":[{"id":3416,"href":"https:\/\/ichhabeinhausamsee.de\/index.php?rest_route=\/wp\/v2\/pages\/2024\/revisions\/3416"}],"up":[{"embeddable":true,"href":"https:\/\/ichhabeinhausamsee.de\/index.php?rest_route=\/wp\/v2\/pages\/25"}],"wp:attachment":[{"href":"https:\/\/ichhabeinhausamsee.de\/index.php?rest_route=%2Fwp%2Fv2%2Fmedia&parent=2024"}],"curies":[{"name":"wp","href":"https:\/\/api.w.org\/{rel}","templated":true}]}}