{"id":2027,"date":"2018-10-17T16:38:26","date_gmt":"2018-10-17T16:38:26","guid":{"rendered":"http:\/\/ichhabeinhausamsee.de\/?page_id=2027"},"modified":"2025-03-15T15:17:39","modified_gmt":"2025-03-15T15:17:39","slug":"wohnung-3","status":"publish","type":"page","link":"https:\/\/ichhabeinhausamsee.de\/?page_id=2027","title":{"rendered":"Wohnung 3"},"content":{"rendered":"\n<div class=\"wp-block-group\"><div class=\"wp-block-group__inner-container is-layout-flow wp-block-group-is-layout-flow\">\n<div class=\"wp-block-group\"><div class=\"wp-block-group__inner-container is-layout-flow wp-block-group-is-layout-flow\">\n<h3>\u00a0<\/h3>\n<h1>Wohnung 3<\/h1>\n<h3>Ca. 55 qm; ein Schlafzimmer. K\u00fcche mit Ceran-Kochfeld, obenstehendem Herd, Geschirrsp\u00fcler und auch ansonsten gut ausgestattet. Ein traumhafter Blick von oben direkt auf den Schweriner See, der sich 20 Meter vor Ihrem Fenster befindet.<\/h3>\n<h3>Eine smarte L\u00f6sung f\u00fcr Jacken und Schuhe. 49 Zoll Flachbild-TV mit Soundbar. Bad mit Wanne und Duschm\u00f6glichkeit. Toilette und Handwaschbecken. Nat\u00fcrlich k\u00f6nnen Sie die Wohnung auch alleine buchen \ud83d\ude09<\/h3>\n<h3><strong>Kombinieren Sie die Wohnungen mit- und untereinander.<\/strong><\/h3>\n<h3><strong>Sie entscheiden, ob Sie Bettw\u00e4sche und\u00a0 Handt\u00fccher mitbringen wollen oder ob sie diese dazubuchen wollen.<\/strong><\/h3>\n<h2>Und schlie\u00dflich: Keine Angst, da\u00df es in Ihrer Ferienwohnung\u00a0 im Sommer zu warm werden k\u00f6nnte. Die Wohungen 2 und 3 des Ferienhauses haben jeweils eine separate Klimaanlage, die Sie selbst nach Ihren Bed\u00fcrfnissen einstellen k\u00f6nnen.<\/h2>\n<p>\u00a0<\/p>\n<h3><div class=\"rl-gallery-container rl-loading\" id=\"rl-gallery-container-1\" data-gallery_id=\"2068\"> <div class=\"rl-gallery rl-basicgrid-gallery \" id=\"rl-gallery-1\" data-gallery_no=\"1\"> <div class=\"rl-gallery-item\"><a href=\"https:\/\/ichhabeinhausamsee.de\/wp-content\/uploads\/2018\/11\/IMG_2334.jpg\" title=\"\" data-rl_title=\"\" class=\"rl-gallery-link\" data-rl_caption=\"\" data-rel=\"lightbox-gallery-1\"><img loading=\"lazy\" decoding=\"async\" src=\"https:\/\/ichhabeinhausamsee.de\/wp-content\/uploads\/2018\/11\/IMG_2334-300x169.jpg\" width=\"300\" height=\"169\" alt=\"\" \/><\/a><\/div><div class=\"rl-gallery-item\"><a href=\"https:\/\/ichhabeinhausamsee.de\/wp-content\/uploads\/2024\/10\/Wng-3-Couch-III.jpg\" title=\"\" data-rl_title=\"\" class=\"rl-gallery-link\" data-rl_caption=\"\" data-rel=\"lightbox-gallery-1\"><img loading=\"lazy\" decoding=\"async\" src=\"https:\/\/ichhabeinhausamsee.de\/wp-content\/uploads\/2024\/10\/Wng-3-Couch-III-300x225.jpg\" width=\"300\" height=\"225\" alt=\"\" \/><\/a><\/div><div class=\"rl-gallery-item\"><a href=\"https:\/\/ichhabeinhausamsee.de\/wp-content\/uploads\/2024\/10\/f24ff5fd-4730-497d-95e0-60ad4a0bc32f.jpg\" title=\"\" data-rl_title=\"\" class=\"rl-gallery-link\" data-rl_caption=\"\" data-rel=\"lightbox-gallery-1\"><img loading=\"lazy\" decoding=\"async\" src=\"https:\/\/ichhabeinhausamsee.de\/wp-content\/uploads\/2024\/10\/f24ff5fd-4730-497d-95e0-60ad4a0bc32f-300x225.jpg\" width=\"300\" height=\"225\" alt=\"\" \/><\/a><\/div><div class=\"rl-gallery-item\"><a href=\"https:\/\/ichhabeinhausamsee.de\/wp-content\/uploads\/2024\/10\/dcc7e791-c2ab-41b6-aecc-bd04e9d9017c.jpg\" title=\"\" data-rl_title=\"\" class=\"rl-gallery-link\" data-rl_caption=\"\" data-rel=\"lightbox-gallery-1\"><img loading=\"lazy\" decoding=\"async\" src=\"https:\/\/ichhabeinhausamsee.de\/wp-content\/uploads\/2024\/10\/dcc7e791-c2ab-41b6-aecc-bd04e9d9017c-300x204.jpg\" width=\"300\" height=\"204\" alt=\"\" \/><\/a><\/div><div class=\"rl-gallery-item\"><a href=\"https:\/\/ichhabeinhausamsee.de\/wp-content\/uploads\/2018\/11\/IMG_2404.jpg\" title=\"\" data-rl_title=\"\" class=\"rl-gallery-link\" data-rl_caption=\"\" data-rel=\"lightbox-gallery-1\"><img loading=\"lazy\" decoding=\"async\" src=\"https:\/\/ichhabeinhausamsee.de\/wp-content\/uploads\/2018\/11\/IMG_2404-300x169.jpg\" width=\"300\" height=\"169\" alt=\"\" \/><\/a><\/div><div class=\"rl-gallery-item\"><a href=\"https:\/\/ichhabeinhausamsee.de\/wp-content\/uploads\/2018\/11\/IMG_2347.jpg\" title=\"\" data-rl_title=\"\" class=\"rl-gallery-link\" data-rl_caption=\"\" data-rel=\"lightbox-gallery-1\"><img loading=\"lazy\" decoding=\"async\" src=\"https:\/\/ichhabeinhausamsee.de\/wp-content\/uploads\/2018\/11\/IMG_2347-300x169.jpg\" width=\"300\" height=\"169\" alt=\"\" \/><\/a><\/div><div class=\"rl-gallery-item\"><a href=\"https:\/\/ichhabeinhausamsee.de\/wp-content\/uploads\/2024\/10\/3d88e088-c7f6-43cc-86a6-0d52d9aa0203.jpg\" title=\"\" data-rl_title=\"\" class=\"rl-gallery-link\" data-rl_caption=\"\" data-rel=\"lightbox-gallery-1\"><img loading=\"lazy\" decoding=\"async\" src=\"https:\/\/ichhabeinhausamsee.de\/wp-content\/uploads\/2024\/10\/3d88e088-c7f6-43cc-86a6-0d52d9aa0203-300x225.jpg\" width=\"300\" height=\"225\" alt=\"\" \/><\/a><\/div><div class=\"rl-gallery-item\"><a href=\"https:\/\/ichhabeinhausamsee.de\/wp-content\/uploads\/2018\/11\/IMG_2392.jpg\" title=\"\" data-rl_title=\"\" class=\"rl-gallery-link\" data-rl_caption=\"\" data-rel=\"lightbox-gallery-1\"><img loading=\"lazy\" decoding=\"async\" src=\"https:\/\/ichhabeinhausamsee.de\/wp-content\/uploads\/2018\/11\/IMG_2392-300x169.jpg\" width=\"300\" height=\"169\" alt=\"\" \/><\/a><\/div><div class=\"rl-gallery-item\"><a href=\"https:\/\/ichhabeinhausamsee.de\/wp-content\/uploads\/2024\/10\/Wng-3-Couch-II.jpg\" title=\"\" data-rl_title=\"\" class=\"rl-gallery-link\" data-rl_caption=\"\" data-rel=\"lightbox-gallery-1\"><img loading=\"lazy\" decoding=\"async\" src=\"https:\/\/ichhabeinhausamsee.de\/wp-content\/uploads\/2024\/10\/Wng-3-Couch-II-300x225.jpg\" width=\"300\" height=\"225\" alt=\"\" \/><\/a><\/div><div class=\"rl-gallery-item\"><a href=\"https:\/\/ichhabeinhausamsee.de\/wp-content\/uploads\/2018\/11\/IMG_2388.jpg\" title=\"\" data-rl_title=\"\" class=\"rl-gallery-link\" data-rl_caption=\"\" data-rel=\"lightbox-gallery-1\"><img loading=\"lazy\" decoding=\"async\" src=\"https:\/\/ichhabeinhausamsee.de\/wp-content\/uploads\/2018\/11\/IMG_2388-300x169.jpg\" width=\"300\" height=\"169\" alt=\"\" \/><\/a><\/div><div class=\"rl-gallery-item\"><a href=\"https:\/\/ichhabeinhausamsee.de\/wp-content\/uploads\/2024\/10\/ed6a873d-6012-47d3-a80f-75fd9ab3b5d0.jpg\" title=\"\" data-rl_title=\"\" class=\"rl-gallery-link\" data-rl_caption=\"\" data-rel=\"lightbox-gallery-1\"><img loading=\"lazy\" decoding=\"async\" src=\"https:\/\/ichhabeinhausamsee.de\/wp-content\/uploads\/2024\/10\/ed6a873d-6012-47d3-a80f-75fd9ab3b5d0-300x225.jpg\" width=\"300\" height=\"225\" alt=\"\" \/><\/a><\/div><div class=\"rl-gallery-item\"><a href=\"https:\/\/ichhabeinhausamsee.de\/wp-content\/uploads\/2018\/11\/IMG_2381.jpg\" title=\"\" data-rl_title=\"\" class=\"rl-gallery-link\" data-rl_caption=\"\" data-rel=\"lightbox-gallery-1\"><img loading=\"lazy\" decoding=\"async\" src=\"https:\/\/ichhabeinhausamsee.de\/wp-content\/uploads\/2018\/11\/IMG_2381-300x169.jpg\" width=\"300\" height=\"169\" alt=\"\" \/><\/a><\/div><div class=\"rl-gallery-item\"><a href=\"https:\/\/ichhabeinhausamsee.de\/wp-content\/uploads\/2018\/11\/IMG_2346.jpg\" title=\"\" data-rl_title=\"\" class=\"rl-gallery-link\" data-rl_caption=\"\" data-rel=\"lightbox-gallery-1\"><img loading=\"lazy\" decoding=\"async\" src=\"https:\/\/ichhabeinhausamsee.de\/wp-content\/uploads\/2018\/11\/IMG_2346-300x169.jpg\" width=\"300\" height=\"169\" alt=\"\" \/><\/a><\/div><div class=\"rl-gallery-item\"><a href=\"https:\/\/ichhabeinhausamsee.de\/wp-content\/uploads\/2018\/11\/IMG_2378.jpg\" title=\"\" data-rl_title=\"\" class=\"rl-gallery-link\" data-rl_caption=\"\" data-rel=\"lightbox-gallery-1\"><img loading=\"lazy\" decoding=\"async\" src=\"https:\/\/ichhabeinhausamsee.de\/wp-content\/uploads\/2018\/11\/IMG_2378-300x169.jpg\" width=\"300\" height=\"169\" alt=\"\" \/><\/a><\/div><div class=\"rl-gallery-item\"><a href=\"https:\/\/ichhabeinhausamsee.de\/wp-content\/uploads\/2018\/11\/IMG_2374.jpg\" title=\"\" data-rl_title=\"\" class=\"rl-gallery-link\" data-rl_caption=\"\" data-rel=\"lightbox-gallery-1\"><img loading=\"lazy\" decoding=\"async\" src=\"https:\/\/ichhabeinhausamsee.de\/wp-content\/uploads\/2018\/11\/IMG_2374-300x169.jpg\" width=\"300\" height=\"169\" alt=\"\" \/><\/a><\/div><div class=\"rl-gallery-item\"><a href=\"https:\/\/ichhabeinhausamsee.de\/wp-content\/uploads\/2024\/10\/f13c2c23-b891-4634-a34d-f97687ae484c.jpg\" title=\"\" data-rl_title=\"\" class=\"rl-gallery-link\" data-rl_caption=\"\" data-rel=\"lightbox-gallery-1\"><img loading=\"lazy\" decoding=\"async\" src=\"https:\/\/ichhabeinhausamsee.de\/wp-content\/uploads\/2024\/10\/f13c2c23-b891-4634-a34d-f97687ae484c-300x225.jpg\" width=\"300\" height=\"225\" alt=\"\" \/><\/a><\/div><div class=\"rl-gallery-item\"><a href=\"https:\/\/ichhabeinhausamsee.de\/wp-content\/uploads\/2018\/11\/IMG_2377.jpg\" title=\"\" data-rl_title=\"\" class=\"rl-gallery-link\" data-rl_caption=\"\" data-rel=\"lightbox-gallery-1\"><img loading=\"lazy\" decoding=\"async\" src=\"https:\/\/ichhabeinhausamsee.de\/wp-content\/uploads\/2018\/11\/IMG_2377-300x169.jpg\" width=\"300\" height=\"169\" alt=\"\" \/><\/a><\/div><div class=\"rl-gallery-item\"><a href=\"https:\/\/ichhabeinhausamsee.de\/wp-content\/uploads\/2024\/10\/Wng-3-Couch-I.jpg\" title=\"\" data-rl_title=\"\" class=\"rl-gallery-link\" data-rl_caption=\"\" data-rel=\"lightbox-gallery-1\"><img loading=\"lazy\" decoding=\"async\" src=\"https:\/\/ichhabeinhausamsee.de\/wp-content\/uploads\/2024\/10\/Wng-3-Couch-I-300x225.jpg\" width=\"300\" height=\"225\" alt=\"\" \/><\/a><\/div><div class=\"rl-gallery-item\"><a href=\"https:\/\/ichhabeinhausamsee.de\/wp-content\/uploads\/2018\/11\/IMG_2368.jpg\" title=\"\" data-rl_title=\"\" class=\"rl-gallery-link\" data-rl_caption=\"\" data-rel=\"lightbox-gallery-1\"><img loading=\"lazy\" decoding=\"async\" src=\"https:\/\/ichhabeinhausamsee.de\/wp-content\/uploads\/2018\/11\/IMG_2368-300x169.jpg\" width=\"300\" height=\"169\" alt=\"\" \/><\/a><\/div><div class=\"rl-gallery-item\"><a href=\"https:\/\/ichhabeinhausamsee.de\/wp-content\/uploads\/2024\/10\/6e1d9095-12f6-466b-91b8-687f26659765.jpg\" title=\"\" data-rl_title=\"\" class=\"rl-gallery-link\" data-rl_caption=\"\" data-rel=\"lightbox-gallery-1\"><img loading=\"lazy\" decoding=\"async\" src=\"https:\/\/ichhabeinhausamsee.de\/wp-content\/uploads\/2024\/10\/6e1d9095-12f6-466b-91b8-687f26659765-300x225.jpg\" width=\"300\" height=\"225\" alt=\"\" \/><\/a><\/div><div class=\"rl-gallery-item\"><a href=\"https:\/\/ichhabeinhausamsee.de\/wp-content\/uploads\/2018\/11\/IMG_2364.jpg\" title=\"\" data-rl_title=\"\" class=\"rl-gallery-link\" data-rl_caption=\"\" data-rel=\"lightbox-gallery-1\"><img loading=\"lazy\" decoding=\"async\" src=\"https:\/\/ichhabeinhausamsee.de\/wp-content\/uploads\/2018\/11\/IMG_2364-300x169.jpg\" width=\"300\" height=\"169\" alt=\"\" \/><\/a><\/div><div class=\"rl-gallery-item\"><a href=\"https:\/\/ichhabeinhausamsee.de\/wp-content\/uploads\/2018\/11\/IMG_2344.jpg\" title=\"\" data-rl_title=\"\" class=\"rl-gallery-link\" data-rl_caption=\"\" data-rel=\"lightbox-gallery-1\"><img loading=\"lazy\" decoding=\"async\" src=\"https:\/\/ichhabeinhausamsee.de\/wp-content\/uploads\/2018\/11\/IMG_2344-300x169.jpg\" width=\"300\" height=\"169\" alt=\"\" \/><\/a><\/div><div class=\"rl-gallery-item\"><a href=\"https:\/\/ichhabeinhausamsee.de\/wp-content\/uploads\/2018\/11\/IMG_2325.jpg\" title=\"\" data-rl_title=\"\" class=\"rl-gallery-link\" data-rl_caption=\"\" data-rel=\"lightbox-gallery-1\"><img loading=\"lazy\" decoding=\"async\" src=\"https:\/\/ichhabeinhausamsee.de\/wp-content\/uploads\/2018\/11\/IMG_2325-300x169.jpg\" width=\"300\" height=\"169\" alt=\"\" \/><\/a><\/div><div class=\"rl-gallery-item\"><a href=\"https:\/\/ichhabeinhausamsee.de\/wp-content\/uploads\/2020\/05\/Foto-30.05.20-13-31-04.jpg\" title=\"\" data-rl_title=\"\" class=\"rl-gallery-link\" data-rl_caption=\"\" data-rel=\"lightbox-gallery-1\"><img loading=\"lazy\" decoding=\"async\" src=\"https:\/\/ichhabeinhausamsee.de\/wp-content\/uploads\/2020\/05\/Foto-30.05.20-13-31-04-225x300.jpg\" width=\"225\" height=\"300\" alt=\"\" \/><\/a><\/div><div class=\"rl-gallery-item\"><a href=\"https:\/\/ichhabeinhausamsee.de\/wp-content\/uploads\/2020\/05\/Foto-30.05.20-13-31-15.jpg\" title=\"\" data-rl_title=\"\" class=\"rl-gallery-link\" data-rl_caption=\"\" data-rel=\"lightbox-gallery-1\"><img loading=\"lazy\" decoding=\"async\" src=\"https:\/\/ichhabeinhausamsee.de\/wp-content\/uploads\/2020\/05\/Foto-30.05.20-13-31-15-225x300.jpg\" width=\"225\" height=\"300\" alt=\"\" \/><\/a><\/div><div class=\"rl-gallery-item\"><a href=\"https:\/\/ichhabeinhausamsee.de\/wp-content\/uploads\/2020\/05\/Foto-30.05.20-13-31-23.jpg\" title=\"\" data-rl_title=\"\" class=\"rl-gallery-link\" data-rl_caption=\"\" data-rel=\"lightbox-gallery-1\"><img loading=\"lazy\" decoding=\"async\" src=\"https:\/\/ichhabeinhausamsee.de\/wp-content\/uploads\/2020\/05\/Foto-30.05.20-13-31-23-225x300.jpg\" width=\"225\" height=\"300\" alt=\"\" \/><\/a><\/div><div class=\"rl-gallery-item\"><a href=\"https:\/\/ichhabeinhausamsee.de\/wp-content\/uploads\/2020\/05\/Foto-30.05.20-13-31-34.jpg\" title=\"\" data-rl_title=\"\" class=\"rl-gallery-link\" data-rl_caption=\"\" data-rel=\"lightbox-gallery-1\"><img loading=\"lazy\" decoding=\"async\" src=\"https:\/\/ichhabeinhausamsee.de\/wp-content\/uploads\/2020\/05\/Foto-30.05.20-13-31-34-225x300.jpg\" width=\"225\" height=\"300\" alt=\"\" \/><\/a><\/div><div class=\"rl-gallery-item\"><a href=\"https:\/\/ichhabeinhausamsee.de\/wp-content\/uploads\/2024\/10\/a0f1ee72-17b1-4689-a7ca-c3d00becffd7-1.jpg\" title=\"\" data-rl_title=\"\" class=\"rl-gallery-link\" data-rl_caption=\"\" data-rel=\"lightbox-gallery-1\"><img loading=\"lazy\" decoding=\"async\" src=\"https:\/\/ichhabeinhausamsee.de\/wp-content\/uploads\/2024\/10\/a0f1ee72-17b1-4689-a7ca-c3d00becffd7-1-300x225.jpg\" width=\"300\" height=\"225\" alt=\"\" \/><\/a><\/div><div class=\"rl-gallery-item\"><a href=\"https:\/\/ichhabeinhausamsee.de\/wp-content\/uploads\/2020\/05\/Foto-30.05.20-13-31-44.jpg\" title=\"\" data-rl_title=\"\" class=\"rl-gallery-link\" data-rl_caption=\"\" data-rel=\"lightbox-gallery-1\"><img loading=\"lazy\" decoding=\"async\" src=\"https:\/\/ichhabeinhausamsee.de\/wp-content\/uploads\/2020\/05\/Foto-30.05.20-13-31-44-225x300.jpg\" width=\"225\" height=\"300\" alt=\"\" \/><\/a><\/div><div class=\"rl-gallery-item\"><a href=\"https:\/\/ichhabeinhausamsee.de\/wp-content\/uploads\/2020\/05\/Foto-30.05.20-13-31-55.jpg\" title=\"\" data-rl_title=\"\" class=\"rl-gallery-link\" data-rl_caption=\"\" data-rel=\"lightbox-gallery-1\"><img loading=\"lazy\" decoding=\"async\" src=\"https:\/\/ichhabeinhausamsee.de\/wp-content\/uploads\/2020\/05\/Foto-30.05.20-13-31-55-225x300.jpg\" width=\"225\" height=\"300\" alt=\"\" \/><\/a><\/div><div class=\"rl-gallery-item\"><a href=\"https:\/\/ichhabeinhausamsee.de\/wp-content\/uploads\/2018\/11\/IMG_2373.jpg\" title=\"\" data-rl_title=\"\" class=\"rl-gallery-link\" data-rl_caption=\"\" data-rel=\"lightbox-gallery-1\"><img loading=\"lazy\" decoding=\"async\" src=\"https:\/\/ichhabeinhausamsee.de\/wp-content\/uploads\/2018\/11\/IMG_2373-300x169.jpg\" width=\"300\" height=\"169\" alt=\"\" \/><\/a><\/div><div class=\"rl-gallery-item\"><a href=\"https:\/\/ichhabeinhausamsee.de\/wp-content\/uploads\/2024\/10\/Wng-3-Couch-IV.jpg\" title=\"\" data-rl_title=\"\" class=\"rl-gallery-link\" data-rl_caption=\"\" data-rel=\"lightbox-gallery-1\"><img loading=\"lazy\" decoding=\"async\" src=\"https:\/\/ichhabeinhausamsee.de\/wp-content\/uploads\/2024\/10\/Wng-3-Couch-IV-300x225.jpg\" width=\"300\" height=\"225\" alt=\"\" \/><\/a><\/div><div class=\"rl-gallery-item\"><a href=\"https:\/\/ichhabeinhausamsee.de\/wp-content\/uploads\/2024\/10\/657f0132-9d9a-4f00-beca-2978bfb250c6-1.jpg\" title=\"\" data-rl_title=\"\" class=\"rl-gallery-link\" data-rl_caption=\"\" data-rel=\"lightbox-gallery-1\"><img loading=\"lazy\" decoding=\"async\" src=\"https:\/\/ichhabeinhausamsee.de\/wp-content\/uploads\/2024\/10\/657f0132-9d9a-4f00-beca-2978bfb250c6-1-300x225.jpg\" width=\"300\" height=\"225\" alt=\"\" \/><\/a><\/div><div class=\"rl-gallery-item\"><a href=\"https:\/\/ichhabeinhausamsee.de\/wp-content\/uploads\/2024\/10\/b2d2b1a9-6b0d-4e51-ab24-409ecd1a8d25-1.jpg\" title=\"\" data-rl_title=\"\" class=\"rl-gallery-link\" data-rl_caption=\"\" data-rel=\"lightbox-gallery-1\"><img loading=\"lazy\" decoding=\"async\" src=\"https:\/\/ichhabeinhausamsee.de\/wp-content\/uploads\/2024\/10\/b2d2b1a9-6b0d-4e51-ab24-409ecd1a8d25-1-300x225.jpg\" width=\"300\" height=\"225\" alt=\"\" \/><\/a><\/div><div class=\"rl-gallery-item\"><a href=\"https:\/\/ichhabeinhausamsee.de\/wp-content\/uploads\/2024\/10\/0199ec28-2bf8-4b56-88c0-2b00a7f40c90-1.jpg\" title=\"\" data-rl_title=\"\" class=\"rl-gallery-link\" data-rl_caption=\"\" data-rel=\"lightbox-gallery-1\"><img loading=\"lazy\" decoding=\"async\" src=\"https:\/\/ichhabeinhausamsee.de\/wp-content\/uploads\/2024\/10\/0199ec28-2bf8-4b56-88c0-2b00a7f40c90-1-300x225.jpg\" width=\"300\" height=\"225\" alt=\"\" \/><\/a><\/div><div class=\"rl-gallery-item\"><a href=\"https:\/\/ichhabeinhausamsee.de\/wp-content\/uploads\/2024\/10\/fbd79604-cec9-49bb-b51a-a4a0bc96c3d0.jpg\" title=\"\" data-rl_title=\"\" class=\"rl-gallery-link\" data-rl_caption=\"\" data-rel=\"lightbox-gallery-1\"><img loading=\"lazy\" decoding=\"async\" src=\"https:\/\/ichhabeinhausamsee.de\/wp-content\/uploads\/2024\/10\/fbd79604-cec9-49bb-b51a-a4a0bc96c3d0-300x225.jpg\" width=\"300\" height=\"225\" alt=\"\" \/><\/a><\/div><div class=\"rl-gallery-item\"><a href=\"https:\/\/ichhabeinhausamsee.de\/wp-content\/uploads\/2024\/10\/c638152d-74fb-4cce-86b6-a190c5668086-1.jpg\" title=\"\" data-rl_title=\"\" class=\"rl-gallery-link\" data-rl_caption=\"\" data-rel=\"lightbox-gallery-1\"><img loading=\"lazy\" decoding=\"async\" src=\"https:\/\/ichhabeinhausamsee.de\/wp-content\/uploads\/2024\/10\/c638152d-74fb-4cce-86b6-a190c5668086-1-300x225.jpg\" width=\"300\" height=\"225\" alt=\"\" \/><\/a><\/div><div class=\"rl-gallery-item\"><a href=\"https:\/\/ichhabeinhausamsee.de\/wp-content\/uploads\/2024\/10\/bc018b28-34d2-4a56-9a35-29c1a3eedb04.jpg\" title=\"\" data-rl_title=\"\" class=\"rl-gallery-link\" data-rl_caption=\"\" data-rel=\"lightbox-gallery-1\"><img loading=\"lazy\" decoding=\"async\" src=\"https:\/\/ichhabeinhausamsee.de\/wp-content\/uploads\/2024\/10\/bc018b28-34d2-4a56-9a35-29c1a3eedb04-300x225.jpg\" width=\"300\" height=\"225\" alt=\"\" \/><\/a><\/div><div class=\"rl-gallery-item\"><a href=\"https:\/\/ichhabeinhausamsee.de\/wp-content\/uploads\/2024\/10\/84156692-a111-4423-a710-fdbafb96eb33.jpg\" title=\"\" data-rl_title=\"\" class=\"rl-gallery-link\" data-rl_caption=\"\" data-rel=\"lightbox-gallery-1\"><img loading=\"lazy\" decoding=\"async\" src=\"https:\/\/ichhabeinhausamsee.de\/wp-content\/uploads\/2024\/10\/84156692-a111-4423-a710-fdbafb96eb33-300x225.jpg\" width=\"300\" height=\"225\" alt=\"\" \/><\/a><\/div> <\/div> <\/div><\/h3>\n<\/div><\/div>\n<\/div><\/div>\n","protected":false},"excerpt":{"rendered":"<p>\u00a0 Wohnung 3 Ca. 55 qm; ein Schlafzimmer. K\u00fcche mit Ceran-Kochfeld, obenstehendem Herd, Geschirrsp\u00fcler und auch ansonsten gut ausgestattet. Ein traumhafter Blick von oben direkt auf den Schweriner See, der sich 20 Meter vor Ihrem Fenster befindet. Eine smarte L\u00f6sung f\u00fcr Jacken und Schuhe. 49 Zoll Flachbild-TV mit Soundbar. Bad mit Wanne und Duschm\u00f6glichkeit. Toilette&hellip; <br \/> <a class=\"read-more\" href=\"https:\/\/ichhabeinhausamsee.de\/?page_id=2027\">Weiterlesen<\/a><\/p>\n","protected":false},"author":1,"featured_media":2171,"parent":25,"menu_order":0,"comment_status":"closed","ping_status":"closed","template":"","meta":{"footnotes":""},"class_list":["post-2027","page","type-page","status-publish","has-post-thumbnail","hentry"],"_links":{"self":[{"href":"https:\/\/ichhabeinhausamsee.de\/index.php?rest_route=\/wp\/v2\/pages\/2027","targetHints":{"allow":["GET"]}}],"collection":[{"href":"https:\/\/ichhabeinhausamsee.de\/index.php?rest_route=\/wp\/v2\/pages"}],"about":[{"href":"https:\/\/ichhabeinhausamsee.de\/index.php?rest_route=\/wp\/v2\/types\/page"}],"author":[{"embeddable":true,"href":"https:\/\/ichhabeinhausamsee.de\/index.php?rest_route=\/wp\/v2\/users\/1"}],"replies":[{"embeddable":true,"href":"https:\/\/ichhabeinhausamsee.de\/index.php?rest_route=%2Fwp%2Fv2%2Fcomments&post=2027"}],"version-history":[{"count":15,"href":"https:\/\/ichhabeinhausamsee.de\/index.php?rest_route=\/wp\/v2\/pages\/2027\/revisions"}],"predecessor-version":[{"id":3418,"href":"https:\/\/ichhabeinhausamsee.de\/index.php?rest_route=\/wp\/v2\/pages\/2027\/revisions\/3418"}],"up":[{"embeddable":true,"href":"https:\/\/ichhabeinhausamsee.de\/index.php?rest_route=\/wp\/v2\/pages\/25"}],"wp:featuredmedia":[{"embeddable":true,"href":"https:\/\/ichhabeinhausamsee.de\/index.php?rest_route=\/wp\/v2\/media\/2171"}],"wp:attachment":[{"href":"https:\/\/ichhabeinhausamsee.de\/index.php?rest_route=%2Fwp%2Fv2%2Fmedia&parent=2027"}],"curies":[{"name":"wp","href":"https:\/\/api.w.org\/{rel}","templated":true}]}}