{"id":33,"date":"2018-09-03T17:25:45","date_gmt":"2018-09-03T17:25:45","guid":{"rendered":"http:\/\/ichhabeinhausamsee.de\/?page_id=33"},"modified":"2025-03-13T16:19:27","modified_gmt":"2025-03-13T16:19:27","slug":"kontakt","status":"publish","type":"page","link":"https:\/\/ichhabeinhausamsee.de\/?page_id=33","title":{"rendered":"Anfrage stellen&#8230;"},"content":{"rendered":"\n<p>Richten Sie Ihre Anfrage ganz bequem \u00fcber die angebenene <strong>Email-Adresse<\/strong> oder \u00fcber <strong>Mobiltelefon<\/strong> an <\/p>\n\n\n\n<p>Frau Inka Doberenz <\/p>\n\n\n\n<p><strong>doberenz@ichhabeinhausamsee.de<\/strong><\/p>\n\n\n\n<p><strong>0173 7058349 <\/strong><\/p>\n\n\n\n<p class=\"has-medium-font-size\"><strong>Sie k\u00f6nnen nicht direkt \u00fcber die Seite buchen<\/strong> &#8211; <strong>aber eine Anfrage stellen&#8230;<\/strong><\/p>\n\n\n\n<p><\/p>\n\n\n\n<p class=\"has-large-font-size\"><a href=\"https:\/\/ichhabeinhausamsee.de\/wp-content\/uploads\/2025\/03\/Preise-2025.pdf\">PREISE 2025<\/a><\/p>\n\n\n\n<figure class=\"wp-block-image size-large\"><img loading=\"lazy\" decoding=\"async\" width=\"1024\" height=\"768\" src=\"https:\/\/ichhabeinhausamsee.de\/wp-content\/uploads\/2020\/05\/2852eca5-eefa-482f-87fd-3201a483dd29-1.jpg\" alt=\"\" class=\"wp-image-2615\" srcset=\"https:\/\/ichhabeinhausamsee.de\/wp-content\/uploads\/2020\/05\/2852eca5-eefa-482f-87fd-3201a483dd29-1.jpg 1024w, https:\/\/ichhabeinhausamsee.de\/wp-content\/uploads\/2020\/05\/2852eca5-eefa-482f-87fd-3201a483dd29-1-300x225.jpg 300w, https:\/\/ichhabeinhausamsee.de\/wp-content\/uploads\/2020\/05\/2852eca5-eefa-482f-87fd-3201a483dd29-1-768x576.jpg 768w\" sizes=\"auto, (max-width: 1024px) 100vw, 1024px\" \/><\/figure>\n\n\n\n<p><\/p>\n\n\n\n<div class=\"wp-block-group\"><div class=\"wp-block-group__inner-container is-layout-constrained wp-block-group-is-layout-constrained\"><div class=\"wpforms-container wpforms-container-full wpforms-block wpforms-block-9b09e1bf-2976-4e99-88b4-12fd9fa27353\" id=\"wpforms-2144\"><form id=\"wpforms-form-2144\" class=\"wpforms-validate wpforms-form\" data-formid=\"2144\" method=\"post\" enctype=\"multipart\/form-data\" action=\"\/index.php?rest_route=%2Fwp%2Fv2%2Fpages%2F33\" data-token=\"931feff095f59774d6e9dff02e3d19a6\" data-token-time=\"1777388795\"><noscript class=\"wpforms-error-noscript\">Bitte aktiviere JavaScript in deinem Browser, um dieses Formular fertigzustellen.<\/noscript><div class=\"wpforms-field-container\"><div id=\"wpforms-2144-field_0-container\" class=\"wpforms-field wpforms-field-name\" data-field-id=\"0\"><label class=\"wpforms-field-label\">Name <span class=\"wpforms-required-label\">*<\/span><\/label><div class=\"wpforms-field-row wpforms-field-medium\"><div class=\"wpforms-field-row-block wpforms-first wpforms-one-half\"><input type=\"text\" id=\"wpforms-2144-field_0\" class=\"wpforms-field-name-first wpforms-field-required\" name=\"wpforms[fields][0][first]\" required><label for=\"wpforms-2144-field_0\" class=\"wpforms-field-sublabel after\">Vorname<\/label><\/div><div class=\"wpforms-field-row-block wpforms-one-half\"><input type=\"text\" id=\"wpforms-2144-field_0-last\" class=\"wpforms-field-name-last wpforms-field-required\" name=\"wpforms[fields][0][last]\" required><label for=\"wpforms-2144-field_0-last\" class=\"wpforms-field-sublabel after\">Nachname<\/label><\/div><\/div><\/div><div id=\"wpforms-2144-field_1-container\" class=\"wpforms-field wpforms-field-email\" data-field-id=\"1\"><label class=\"wpforms-field-label\" for=\"wpforms-2144-field_1\">E-Mail <span class=\"wpforms-required-label\">*<\/span><\/label><input type=\"email\" id=\"wpforms-2144-field_1\" class=\"wpforms-field-medium wpforms-field-required\" name=\"wpforms[fields][1]\" spellcheck=\"false\" required><\/div><div id=\"wpforms-2144-field_2-container\" class=\"wpforms-field wpforms-field-textarea\" data-field-id=\"2\"><label class=\"wpforms-field-label\" for=\"wpforms-2144-field_2\">Kommentar oder Nachricht <span class=\"wpforms-required-label\">*<\/span><\/label><textarea id=\"wpforms-2144-field_2\" class=\"wpforms-field-medium wpforms-field-required\" name=\"wpforms[fields][2]\" required><\/textarea><\/div><\/div><!-- .wpforms-field-container --><div class=\"wpforms-field wpforms-field-hp\"><label for=\"wpforms-2144-field-hp\" class=\"wpforms-field-label\">Phone<\/label><input type=\"text\" name=\"wpforms[hp]\" id=\"wpforms-2144-field-hp\" class=\"wpforms-field-medium\"><\/div><div class=\"wpforms-submit-container\" ><input type=\"hidden\" name=\"wpforms[id]\" value=\"2144\"><input type=\"hidden\" name=\"page_title\" value=\"\"><input type=\"hidden\" name=\"page_url\" value=\"https:\/\/ichhabeinhausamsee.de\/index.php?rest_route=\/wp\/v2\/pages\/33\"><input type=\"hidden\" name=\"url_referer\" value=\"\"><button type=\"submit\" name=\"wpforms[submit]\" id=\"wpforms-submit-2144\" class=\"wpforms-submit\" data-alt-text=\"Sende...\" data-submit-text=\"Senden\" aria-live=\"assertive\" value=\"wpforms-submit\">Senden<\/button><\/div><\/form><\/div>  <!-- .wpforms-container --><\/div><\/div>\n","protected":false},"excerpt":{"rendered":"<p>Richten Sie Ihre Anfrage ganz bequem \u00fcber die angebenene Email-Adresse oder \u00fcber Mobiltelefon an Frau Inka Doberenz doberenz@ichhabeinhausamsee.de 0173 7058349 Sie k\u00f6nnen nicht direkt \u00fcber die Seite buchen &#8211; aber eine Anfrage stellen&#8230; PREISE 2025<\/p>\n","protected":false},"author":1,"featured_media":0,"parent":0,"menu_order":5,"comment_status":"closed","ping_status":"closed","template":"","meta":{"footnotes":""},"class_list":["post-33","page","type-page","status-publish","hentry"],"_links":{"self":[{"href":"https:\/\/ichhabeinhausamsee.de\/index.php?rest_route=\/wp\/v2\/pages\/33","targetHints":{"allow":["GET"]}}],"collection":[{"href":"https:\/\/ichhabeinhausamsee.de\/index.php?rest_route=\/wp\/v2\/pages"}],"about":[{"href":"https:\/\/ichhabeinhausamsee.de\/index.php?rest_route=\/wp\/v2\/types\/page"}],"author":[{"embeddable":true,"href":"https:\/\/ichhabeinhausamsee.de\/index.php?rest_route=\/wp\/v2\/users\/1"}],"replies":[{"embeddable":true,"href":"https:\/\/ichhabeinhausamsee.de\/index.php?rest_route=%2Fwp%2Fv2%2Fcomments&post=33"}],"version-history":[{"count":17,"href":"https:\/\/ichhabeinhausamsee.de\/index.php?rest_route=\/wp\/v2\/pages\/33\/revisions"}],"predecessor-version":[{"id":3414,"href":"https:\/\/ichhabeinhausamsee.de\/index.php?rest_route=\/wp\/v2\/pages\/33\/revisions\/3414"}],"wp:attachment":[{"href":"https:\/\/ichhabeinhausamsee.de\/index.php?rest_route=%2Fwp%2Fv2%2Fmedia&parent=33"}],"curies":[{"name":"wp","href":"https:\/\/api.w.org\/{rel}","templated":true}]}}